{"id":89,"date":"2020-01-22T08:30:14","date_gmt":"2020-01-22T08:30:14","guid":{"rendered":"https:\/\/tepel-media.de\/?page_id=89"},"modified":"2020-01-22T08:30:55","modified_gmt":"2020-01-22T08:30:55","slug":"softwareentwicklung","status":"publish","type":"page","link":"https:\/\/tepel-media.de\/?page_id=89","title":{"rendered":"Softwareentwicklung"},"content":{"rendered":"\n<div class=\"wp-block-image\"><figure class=\"aligncenter\"><img loading=\"lazy\" decoding=\"async\" width=\"1024\" height=\"683\" src=\"https:\/\/tepel-media.de\/wp-content\/uploads\/2020\/01\/Softwareentwicklung-1024x683.jpg\" alt=\"\" class=\"wp-image-90\" srcset=\"https:\/\/tepel-media.de\/wp-content\/uploads\/2020\/01\/Softwareentwicklung-1024x683.jpg 1024w, https:\/\/tepel-media.de\/wp-content\/uploads\/2020\/01\/Softwareentwicklung-300x200.jpg 300w, https:\/\/tepel-media.de\/wp-content\/uploads\/2020\/01\/Softwareentwicklung-768x512.jpg 768w, https:\/\/tepel-media.de\/wp-content\/uploads\/2020\/01\/Softwareentwicklung-1536x1024.jpg 1536w, https:\/\/tepel-media.de\/wp-content\/uploads\/2020\/01\/Softwareentwicklung-408x272.jpg 408w, https:\/\/tepel-media.de\/wp-content\/uploads\/2020\/01\/Softwareentwicklung.jpg 1920w\" sizes=\"(max-width: 1024px) 100vw, 1024px\" \/><\/figure><\/div>\n\n\n\n<h2 class=\"wp-block-heading\">Gemeinsam zum Ziel.<\/h2>\n\n\n\n<div class=\"wp-block-group\"><div class=\"wp-block-group__inner-container is-layout-flow wp-block-group-is-layout-flow\">\n<p>Wir sind federf\u00fchrend in der individual Softwareentwicklung zu Hause.<\/p>\n\n\n\n<p>Sie haben bereits eine oder mehrere Softwarel\u00f6sungen im Einsatz, eine Kopplung ist h\u00e4ufig nicht m\u00f6glich, wir schaffen die Verbindung oder \u00dcbertragen Ihre Daten in neue Systeme.<\/p>\n\n\n\n<p>In vielen Unternehmen wurden im Laufe der Jahre eigene Softwarel\u00f6sungen entwickelt. Diese sind in der Regel nicht genug gegen moderne Cyberangriffe gesch\u00fctzt oder kommen mit moderner Hardware und Netzgeschwindigkeit nicht zurecht.<\/p>\n\n\n\n<p>Sprechen Sie uns an. Wir anaylsieren bestehende Tools auf Fehlerquellen und beraten Sie gerne L\u00f6sungen zu finden.<\/p>\n<\/div><\/div>\n\n\n\n<h2 class=\"wp-block-heading\"><\/h2>\n\n\n\n<p><\/p>\n","protected":false},"excerpt":{"rendered":"<p>Gemeinsam zum Ziel. Wir sind federf\u00fchrend in der individual Softwareentwicklung zu Hause. Sie haben bereits eine oder mehrere Softwarel\u00f6sungen im Einsatz, eine Kopplung ist h\u00e4ufig nicht m\u00f6glich, wir schaffen die Verbindung oder \u00dcbertragen Ihre Daten &hellip;<\/p>\n","protected":false},"author":1,"featured_media":0,"parent":0,"menu_order":0,"comment_status":"closed","ping_status":"closed","template":"","meta":{"footnotes":""},"_links":{"self":[{"href":"https:\/\/tepel-media.de\/index.php?rest_route=\/wp\/v2\/pages\/89"}],"collection":[{"href":"https:\/\/tepel-media.de\/index.php?rest_route=\/wp\/v2\/pages"}],"about":[{"href":"https:\/\/tepel-media.de\/index.php?rest_route=\/wp\/v2\/types\/page"}],"author":[{"embeddable":true,"href":"https:\/\/tepel-media.de\/index.php?rest_route=\/wp\/v2\/users\/1"}],"replies":[{"embeddable":true,"href":"https:\/\/tepel-media.de\/index.php?rest_route=%2Fwp%2Fv2%2Fcomments&post=89"}],"version-history":[{"count":2,"href":"https:\/\/tepel-media.de\/index.php?rest_route=\/wp\/v2\/pages\/89\/revisions"}],"predecessor-version":[{"id":93,"href":"https:\/\/tepel-media.de\/index.php?rest_route=\/wp\/v2\/pages\/89\/revisions\/93"}],"wp:attachment":[{"href":"https:\/\/tepel-media.de\/index.php?rest_route=%2Fwp%2Fv2%2Fmedia&parent=89"}],"curies":[{"name":"wp","href":"https:\/\/api.w.org\/{rel}","templated":true}]}}